{"id":960,"date":"2023-01-30T16:06:07","date_gmt":"2023-01-30T15:06:07","guid":{"rendered":"https:\/\/oursbnb.ch\/?page_id=960"},"modified":"2025-03-26T11:10:53","modified_gmt":"2025-03-26T10:10:53","slug":"lacces","status":"publish","type":"page","link":"https:\/\/oursbnb.ch\/de\/lacces\/","title":{"rendered":"l&rsquo;acc\u00e8s"},"content":{"rendered":"<div data-elementor-type=\"wp-page\" data-elementor-id=\"960\" class=\"elementor elementor-960\" data-elementor-post-type=\"page\">\n\t\t\t\t\t\t<section class=\"elementor-section elementor-top-section elementor-element elementor-element-8a0a864 elementor-section-full_width elementor-section-height-full elementor-section-items-top elementor-section-height-default\" data-id=\"8a0a864\" data-element_type=\"section\" data-e-type=\"section\" data-settings=\"{&quot;background_background&quot;:&quot;classic&quot;}\">\n\t\t\t\t\t\t<div class=\"elementor-container elementor-column-gap-default\">\n\t\t\t\t\t<div class=\"elementor-column elementor-col-100 elementor-top-column elementor-element elementor-element-f7e6b02\" data-id=\"f7e6b02\" data-element_type=\"column\" data-e-type=\"column\">\n\t\t\t<div class=\"elementor-widget-wrap elementor-element-populated\">\n\t\t\t\t\t\t<div class=\"elementor-element elementor-element-908b8f5 elementor-widget elementor-widget-heading\" data-id=\"908b8f5\" data-element_type=\"widget\" data-e-type=\"widget\" data-widget_type=\"heading.default\">\n\t\t\t\t<div class=\"elementor-widget-container\">\n\t\t\t\t\t<h2 class=\"elementor-heading-title elementor-size-default\">l'acc\u00e8s<\/h2>\t\t\t\t<\/div>\n\t\t\t\t<\/div>\n\t\t\t\t<div class=\"elementor-element elementor-element-af0e27a elementor-nav-menu--dropdown-mobile elementor-nav-menu__text-align-aside elementor-nav-menu--toggle elementor-nav-menu--burger elementor-widget elementor-widget-nav-menu\" data-id=\"af0e27a\" data-element_type=\"widget\" data-e-type=\"widget\" data-settings=\"{&quot;layout&quot;:&quot;horizontal&quot;,&quot;submenu_icon&quot;:{&quot;value&quot;:&quot;&lt;i class=\\&quot;fas fa-caret-down\\&quot; aria-hidden=\\&quot;true\\&quot;&gt;&lt;\\\/i&gt;&quot;,&quot;library&quot;:&quot;fa-solid&quot;},&quot;toggle&quot;:&quot;burger&quot;}\" data-widget_type=\"nav-menu.default\">\n\t\t\t\t<div class=\"elementor-widget-container\">\n\t\t\t\t\t\t\t\t<nav aria-label=\"Menu\" class=\"elementor-nav-menu--main elementor-nav-menu__container elementor-nav-menu--layout-horizontal e--pointer-text e--animation-rotate\">\n\t\t\t\t<ul id=\"menu-1-af0e27a\" class=\"elementor-nav-menu\"><li class=\"menu-item menu-item-type-custom menu-item-object-custom menu-item-493\"><a href=\"https:\/\/oursbnb.ch\/de\/#ours\" class=\"elementor-item elementor-item-anchor menu-link\">l&rsquo;ours<\/a><\/li>\n<li class=\"menu-item menu-item-type-post_type menu-item-object-page menu-item-485\"><a href=\"https:\/\/oursbnb.ch\/de\/lhistoire\/\" class=\"elementor-item menu-link\">die Geschichte<\/a><\/li>\n<li class=\"menu-item menu-item-type-post_type menu-item-object-page menu-item-865\"><a href=\"https:\/\/oursbnb.ch\/de\/litineraire\/\" class=\"elementor-item menu-link\">Der Reiseplan<\/a><\/li>\n<li class=\"menu-item menu-item-type-post_type menu-item-object-page menu-item-961\"><a href=\"https:\/\/oursbnb.ch\/de\/lacces\/\" class=\"elementor-item menu-link\">den Zugang<\/a><\/li>\n<li class=\"menu-item menu-item-type-post_type menu-item-object-page menu-item-892\"><a href=\"https:\/\/oursbnb.ch\/de\/les-cabanes\/\" class=\"elementor-item menu-link\">die H\u00fctten<\/a><\/li>\n<li class=\"menu-item menu-item-type-post_type menu-item-object-page menu-item-883\"><a href=\"https:\/\/oursbnb.ch\/de\/le-contact\/\" class=\"elementor-item menu-link\">den Kontakt<\/a><\/li>\n<li class=\"menu-item menu-item-type-custom menu-item-object-custom menu-item-1240\"><a target=\"_blank\" href=\"https:\/\/booking.juratroislacs.ch\/TDS00020014060048987\/tbooking\/?globalReset=1&#038;lang=fr\" class=\"elementor-item menu-link\">die Reservation<\/a><\/li>\n<\/ul>\t\t\t<\/nav>\n\t\t\t\t\t<div class=\"elementor-menu-toggle\" role=\"button\" tabindex=\"0\" aria-label=\"Menu Toggle\" aria-expanded=\"false\">\n\t\t\t<i aria-hidden=\"true\" role=\"presentation\" class=\"elementor-menu-toggle__icon--open eicon-menu-bar\"><\/i><i aria-hidden=\"true\" role=\"presentation\" class=\"elementor-menu-toggle__icon--close eicon-close\"><\/i>\t\t<\/div>\n\t\t\t\t\t<nav class=\"elementor-nav-menu--dropdown elementor-nav-menu__container\" aria-hidden=\"true\">\n\t\t\t\t<ul id=\"menu-2-af0e27a\" class=\"elementor-nav-menu\"><li class=\"menu-item menu-item-type-custom menu-item-object-custom menu-item-493\"><a href=\"https:\/\/oursbnb.ch\/de\/#ours\" class=\"elementor-item elementor-item-anchor menu-link\" tabindex=\"-1\">l&rsquo;ours<\/a><\/li>\n<li class=\"menu-item menu-item-type-post_type menu-item-object-page menu-item-485\"><a href=\"https:\/\/oursbnb.ch\/de\/lhistoire\/\" class=\"elementor-item menu-link\" tabindex=\"-1\">die Geschichte<\/a><\/li>\n<li class=\"menu-item menu-item-type-post_type menu-item-object-page menu-item-865\"><a href=\"https:\/\/oursbnb.ch\/de\/litineraire\/\" class=\"elementor-item menu-link\" tabindex=\"-1\">Der Reiseplan<\/a><\/li>\n<li class=\"menu-item menu-item-type-post_type menu-item-object-page menu-item-961\"><a href=\"https:\/\/oursbnb.ch\/de\/lacces\/\" class=\"elementor-item menu-link\" tabindex=\"-1\">den Zugang<\/a><\/li>\n<li class=\"menu-item menu-item-type-post_type menu-item-object-page menu-item-892\"><a href=\"https:\/\/oursbnb.ch\/de\/les-cabanes\/\" class=\"elementor-item menu-link\" tabindex=\"-1\">die H\u00fctten<\/a><\/li>\n<li class=\"menu-item menu-item-type-post_type menu-item-object-page menu-item-883\"><a href=\"https:\/\/oursbnb.ch\/de\/le-contact\/\" class=\"elementor-item menu-link\" tabindex=\"-1\">den Kontakt<\/a><\/li>\n<li class=\"menu-item menu-item-type-custom menu-item-object-custom menu-item-1240\"><a target=\"_blank\" href=\"https:\/\/booking.juratroislacs.ch\/TDS00020014060048987\/tbooking\/?globalReset=1&#038;lang=fr\" class=\"elementor-item menu-link\" tabindex=\"-1\">die Reservation<\/a><\/li>\n<\/ul>\t\t\t<\/nav>\n\t\t\t\t\t\t<\/div>\n\t\t\t\t<\/div>\n\t\t\t\t<div class=\"elementor-element elementor-element-318faf2 elementor-widget elementor-widget-heading\" data-id=\"318faf2\" data-element_type=\"widget\" data-e-type=\"widget\" data-widget_type=\"heading.default\">\n\t\t\t\t<div class=\"elementor-widget-container\">\n\t\t\t\t\t<h2 class=\"elementor-heading-title elementor-size-default\">18.04 \u2013 24.06<\/h2>\t\t\t\t<\/div>\n\t\t\t\t<\/div>\n\t\t\t\t<div class=\"elementor-element elementor-element-87d08e5 elementor-widget elementor-widget-text-editor\" data-id=\"87d08e5\" data-element_type=\"widget\" data-e-type=\"widget\" data-widget_type=\"text-editor.default\">\n\t\t\t\t<div class=\"elementor-widget-container\">\n\t\t\t\t\t\t\t\t\t<p>47.36682, 7.11234<br \/>G\u00e9rard Varin, Au village 10, 2888 Seleute<\/p><p><span style=\"text-decoration: underline;\">En transports publics<\/span><br \/>Arrivez \u00e0 la gare de Saint-Ursanne puis prendre le bus jusqu&rsquo;\u00e0 \u00ab\u00a0<span style=\"font-size: 16px;\">St Ursanne, Bellefontaine <\/span>\u00a0\u00bb ensuite, marchez 1 h jusqu&rsquo;\u00e0 Seleute<\/p><p><span style=\"text-decoration: underline;\">Mit dem Auto<\/span><br \/>Au Village 10, 2888 Seleute<br \/><span style=\"text-decoration: underline;\"><br \/>Mit dem Fahrrad<\/span><br \/>Depuis Saint-Ursanne comptez 35 minutes jusqu&rsquo;\u00e0 Seleute. La balade est paisible, mais pr\u00e9voyez tout de m\u00eame 214 m de d\u00e9nivel\u00e9<\/p>\t\t\t\t\t\t\t\t<\/div>\n\t\t\t\t<\/div>\n\t\t\t\t<div class=\"elementor-element elementor-element-227decb elementor-widget elementor-widget-heading\" data-id=\"227decb\" data-element_type=\"widget\" data-e-type=\"widget\" data-widget_type=\"heading.default\">\n\t\t\t\t<div class=\"elementor-widget-container\">\n\t\t\t\t\t<h2 class=\"elementor-heading-title elementor-size-default\">01.07 \u2013 31.08<\/h2>\t\t\t\t<\/div>\n\t\t\t\t<\/div>\n\t\t\t\t<div class=\"elementor-element elementor-element-5928bd7 elementor-widget elementor-widget-text-editor\" data-id=\"5928bd7\" data-element_type=\"widget\" data-e-type=\"widget\" data-widget_type=\"text-editor.default\">\n\t\t\t\t<div class=\"elementor-widget-container\">\n\t\t\t\t\t\t\t\t\t<p>47.35118, 7.16255<br \/>Famille Girardin, Ravines 22, 2883 Montmelon<\/p><p><span style=\"text-decoration: underline;\">En transports publics<\/span><br \/>Arrivez \u00e0 la gare de Saint-Ursanne puis comptez 50 minutes de march<\/p><p><span style=\"text-decoration: underline;\">Mit dem Auto<\/span><br \/>Ravines 22, 2883 Montmelon<br \/>Les cabanes sont \u00e0 150m \u00e0 pied du parking<br \/><span style=\"text-decoration: underline;\"><br \/>Mit dem Fahrrad<\/span><br \/>Depuis Saint-Ursanne comptez 25 minutes jusqu&rsquo;\u00e0 Ravines. Attention \u00e7a monte !<br \/>M\u00f6glichkeit, Ihre Elektrofahrr\u00e4der aufzuladen !<\/p>\t\t\t\t\t\t\t\t<\/div>\n\t\t\t\t<\/div>\n\t\t\t\t<div class=\"elementor-element elementor-element-5b5e308 elementor-hidden-desktop elementor-hidden-tablet elementor-hidden-mobile elementor-widget elementor-widget-heading\" data-id=\"5b5e308\" data-element_type=\"widget\" data-e-type=\"widget\" data-widget_type=\"heading.default\">\n\t\t\t\t<div class=\"elementor-widget-container\">\n\t\t\t\t\t<h2 class=\"elementor-heading-title elementor-size-default\">28.08 \u2013 31.10<\/h2>\t\t\t\t<\/div>\n\t\t\t\t<\/div>\n\t\t\t\t<div class=\"elementor-element elementor-element-af12b1e elementor-hidden-desktop elementor-hidden-tablet elementor-hidden-mobile elementor-widget elementor-widget-text-editor\" data-id=\"af12b1e\" data-element_type=\"widget\" data-e-type=\"widget\" data-widget_type=\"text-editor.default\">\n\t\t\t\t<div class=\"elementor-widget-container\">\n\t\t\t\t\t\t\t\t\t<p>47.31766830462142, 7.0941203650979645<br \/>Camping Tariche, Tariche, 2882 Saint-Ursanne<br \/><span style=\"text-decoration: underline;\"><br \/>Mit \u00f6ffentlichen Verkehrsmitteln<\/span><br \/>Pas desservi<\/p><p>Mit dem Auto<br \/>Camping Tariche, Tariche, 2882 Saint-Ursanne<br \/><span style=\"text-decoration: underline;\"><br \/>Mit dem Fahrrad<\/span><br \/>Depuis Saint-Ursanne comptez 20 minutes jusqu&rsquo;au camping, trajet facile \u00e0 v\u00e9lo.<\/p>\t\t\t\t\t\t\t\t<\/div>\n\t\t\t\t<\/div>\n\t\t\t\t\t<\/div>\n\t\t<\/div>\n\t\t\t\t\t<\/div>\n\t\t<\/section>\n\t\t\t\t<section class=\"elementor-section elementor-top-section elementor-element elementor-element-737140b elementor-section-full_width elementor-section-height-default elementor-section-height-default\" data-id=\"737140b\" data-element_type=\"section\" data-e-type=\"section\">\n\t\t\t\t\t\t<div class=\"elementor-container elementor-column-gap-default\">\n\t\t\t\t\t<div class=\"elementor-column elementor-col-100 elementor-top-column elementor-element elementor-element-75c4ff3\" data-id=\"75c4ff3\" data-element_type=\"column\" data-e-type=\"column\">\n\t\t\t<div class=\"elementor-widget-wrap elementor-element-populated\">\n\t\t\t\t\t\t<div class=\"elementor-element elementor-element-2308744 elementor-nav-menu__align-end elementor-nav-menu--dropdown-none elementor-widget__width-inherit elementor-fixed elementor-widget elementor-widget-nav-menu\" data-id=\"2308744\" data-element_type=\"widget\" data-e-type=\"widget\" data-settings=\"{&quot;_position&quot;:&quot;fixed&quot;,&quot;layout&quot;:&quot;horizontal&quot;,&quot;submenu_icon&quot;:{&quot;value&quot;:&quot;&lt;i class=\\&quot;fas fa-caret-down\\&quot; aria-hidden=\\&quot;true\\&quot;&gt;&lt;\\\/i&gt;&quot;,&quot;library&quot;:&quot;fa-solid&quot;}}\" data-widget_type=\"nav-menu.default\">\n\t\t\t\t<div class=\"elementor-widget-container\">\n\t\t\t\t\t\t\t\t<nav aria-label=\"Menu\" class=\"elementor-nav-menu--main elementor-nav-menu__container elementor-nav-menu--layout-horizontal e--pointer-none\">\n\t\t\t\t<ul id=\"menu-1-2308744\" class=\"elementor-nav-menu\"><li class=\"trp-language-switcher-container menu-item menu-item-type-post_type menu-item-object-language_switcher current-language-menu-item menu-item-1073\"><a href=\"https:\/\/oursbnb.ch\/de\/wp-json\/wp\/v2\/pages\/960\" class=\"elementor-item elementor-item-anchor menu-link\"><span data-no-translation><span class=\"trp-ls-language-name\">German<\/span><\/span><\/a><\/li>\n<li class=\"trp-language-switcher-container menu-item menu-item-type-post_type menu-item-object-language_switcher current-language-menu-item menu-item-1074\"><a href=\"https:\/\/oursbnb.ch\/de\/wp-json\/wp\/v2\/pages\/960\" class=\"elementor-item elementor-item-anchor menu-link\"><span data-no-translation><span class=\"trp-ls-language-name\">French<\/span><\/span><\/a><\/li>\n<\/ul>\t\t\t<\/nav>\n\t\t\t\t\t\t<nav class=\"elementor-nav-menu--dropdown elementor-nav-menu__container\" aria-hidden=\"true\">\n\t\t\t\t<ul id=\"menu-2-2308744\" class=\"elementor-nav-menu\"><li class=\"trp-language-switcher-container menu-item menu-item-type-post_type menu-item-object-language_switcher current-language-menu-item menu-item-1073\"><a href=\"https:\/\/oursbnb.ch\/de\/wp-json\/wp\/v2\/pages\/960\" class=\"elementor-item elementor-item-anchor menu-link\" tabindex=\"-1\"><span data-no-translation><span class=\"trp-ls-language-name\">German<\/span><\/span><\/a><\/li>\n<li class=\"trp-language-switcher-container menu-item menu-item-type-post_type menu-item-object-language_switcher current-language-menu-item menu-item-1074\"><a href=\"https:\/\/oursbnb.ch\/de\/wp-json\/wp\/v2\/pages\/960\" class=\"elementor-item elementor-item-anchor menu-link\" tabindex=\"-1\"><span data-no-translation><span class=\"trp-ls-language-name\">French<\/span><\/span><\/a><\/li>\n<\/ul>\t\t\t<\/nav>\n\t\t\t\t\t\t<\/div>\n\t\t\t\t<\/div>\n\t\t\t\t\t<\/div>\n\t\t<\/div>\n\t\t\t\t\t<\/div>\n\t\t<\/section>\n\t\t\t\t<\/div>","protected":false},"excerpt":{"rendered":"<p>l&rsquo;acc\u00e8s 18.04 \u2013 24.06 47.36682, 7.11234G\u00e9rard Varin, Au village 10, 2888 Seleute En transports publicsArrivez \u00e0 la gare de Saint-Ursanne puis prendre le bus jusqu&rsquo;\u00e0 \u00ab\u00a0St Ursanne, Bellefontaine \u00a0\u00bb ensuite, marchez 1 h jusqu&rsquo;\u00e0 Seleute En voitureAu Village 10, 2888 Seleute En v\u00e9loDepuis Saint-Ursanne comptez 35 minutes jusqu&rsquo;\u00e0 Seleute. La balade est paisible, mais pr\u00e9voyez [&hellip;]<\/p>\n","protected":false},"author":1,"featured_media":0,"parent":0,"menu_order":0,"comment_status":"closed","ping_status":"closed","template":"elementor_canvas","meta":{"site-sidebar-layout":"no-sidebar","site-content-layout":"page-builder","ast-site-content-layout":"default","site-content-style":"default","site-sidebar-style":"default","ast-global-header-display":"","ast-banner-title-visibility":"","ast-main-header-display":"","ast-hfb-above-header-display":"","ast-hfb-below-header-display":"","ast-hfb-mobile-header-display":"","site-post-title":"disabled","ast-breadcrumbs-content":"","ast-featured-img":"disabled","footer-sml-layout":"","ast-disable-related-posts":"","theme-transparent-header-meta":"default","adv-header-id-meta":"","stick-header-meta":"default","header-above-stick-meta":"","header-main-stick-meta":"","header-below-stick-meta":"","astra-migrate-meta-layouts":"default","ast-page-background-enabled":"default","ast-page-background-meta":{"desktop":{"background-color":"var(--ast-global-color-4)","background-image":"","background-repeat":"repeat","background-position":"center center","background-size":"auto","background-attachment":"scroll","background-type":"","background-media":"","overlay-type":"","overlay-color":"","overlay-opacity":"","overlay-gradient":""},"tablet":{"background-color":"","background-image":"","background-repeat":"repeat","background-position":"center center","background-size":"auto","background-attachment":"scroll","background-type":"","background-media":"","overlay-type":"","overlay-color":"","overlay-opacity":"","overlay-gradient":""},"mobile":{"background-color":"","background-image":"","background-repeat":"repeat","background-position":"center center","background-size":"auto","background-attachment":"scroll","background-type":"","background-media":"","overlay-type":"","overlay-color":"","overlay-opacity":"","overlay-gradient":""}},"ast-content-background-meta":{"desktop":{"background-color":"var(--ast-global-color-5)","background-image":"","background-repeat":"repeat","background-position":"center center","background-size":"auto","background-attachment":"scroll","background-type":"","background-media":"","overlay-type":"","overlay-color":"","overlay-opacity":"","overlay-gradient":""},"tablet":{"background-color":"var(--ast-global-color-5)","background-image":"","background-repeat":"repeat","background-position":"center center","background-size":"auto","background-attachment":"scroll","background-type":"","background-media":"","overlay-type":"","overlay-color":"","overlay-opacity":"","overlay-gradient":""},"mobile":{"background-color":"var(--ast-global-color-5)","background-image":"","background-repeat":"repeat","background-position":"center center","background-size":"auto","background-attachment":"scroll","background-type":"","background-media":"","overlay-type":"","overlay-color":"","overlay-opacity":"","overlay-gradient":""}},"footnotes":""},"class_list":["post-960","page","type-page","status-publish","hentry"],"_links":{"self":[{"href":"https:\/\/oursbnb.ch\/de\/wp-json\/wp\/v2\/pages\/960","targetHints":{"allow":["GET"]}}],"collection":[{"href":"https:\/\/oursbnb.ch\/de\/wp-json\/wp\/v2\/pages"}],"about":[{"href":"https:\/\/oursbnb.ch\/de\/wp-json\/wp\/v2\/types\/page"}],"author":[{"embeddable":true,"href":"https:\/\/oursbnb.ch\/de\/wp-json\/wp\/v2\/users\/1"}],"replies":[{"embeddable":true,"href":"https:\/\/oursbnb.ch\/de\/wp-json\/wp\/v2\/comments?post=960"}],"version-history":[{"count":39,"href":"https:\/\/oursbnb.ch\/de\/wp-json\/wp\/v2\/pages\/960\/revisions"}],"predecessor-version":[{"id":1377,"href":"https:\/\/oursbnb.ch\/de\/wp-json\/wp\/v2\/pages\/960\/revisions\/1377"}],"wp:attachment":[{"href":"https:\/\/oursbnb.ch\/de\/wp-json\/wp\/v2\/media?parent=960"}],"curies":[{"name":"wp","href":"https:\/\/api.w.org\/{rel}","templated":true}]}}