{"id":2,"date":"2022-01-01T00:00:15","date_gmt":"2021-12-31T23:00:15","guid":{"rendered":"https:\/\/oursbnb.ch\/?page_id=2"},"modified":"2024-07-09T11:50:43","modified_gmt":"2024-07-09T09:50:43","slug":"accueil","status":"publish","type":"page","link":"https:\/\/oursbnb.ch\/de\/","title":{"rendered":"Accueil"},"content":{"rendered":"<div data-elementor-type=\"wp-page\" data-elementor-id=\"2\" class=\"elementor elementor-2\" data-elementor-post-type=\"page\">\n\t\t\t\t\t\t<section class=\"elementor-section elementor-top-section elementor-element elementor-element-95cdb0e elementor-section-full_width elementor-section-height-default elementor-section-height-default\" data-id=\"95cdb0e\" data-element_type=\"section\" data-e-type=\"section\">\n\t\t\t\t\t\t<div class=\"elementor-container elementor-column-gap-default\">\n\t\t\t\t\t<div class=\"elementor-column elementor-col-100 elementor-top-column elementor-element elementor-element-f7cf383\" data-id=\"f7cf383\" data-element_type=\"column\" data-e-type=\"column\">\n\t\t\t<div class=\"elementor-widget-wrap elementor-element-populated\">\n\t\t\t\t\t\t<div class=\"elementor-element elementor-element-4158104 elementor-nav-menu__align-end elementor-nav-menu--dropdown-none elementor-widget__width-inherit elementor-fixed elementor-widget elementor-widget-nav-menu\" data-id=\"4158104\" data-element_type=\"widget\" data-e-type=\"widget\" data-settings=\"{&quot;_position&quot;:&quot;fixed&quot;,&quot;layout&quot;:&quot;horizontal&quot;,&quot;submenu_icon&quot;:{&quot;value&quot;:&quot;&lt;i class=\\&quot;fas fa-caret-down\\&quot; aria-hidden=\\&quot;true\\&quot;&gt;&lt;\\\/i&gt;&quot;,&quot;library&quot;:&quot;fa-solid&quot;}}\" data-widget_type=\"nav-menu.default\">\n\t\t\t\t<div class=\"elementor-widget-container\">\n\t\t\t\t\t\t\t\t<nav aria-label=\"Menu\" class=\"elementor-nav-menu--main elementor-nav-menu__container elementor-nav-menu--layout-horizontal e--pointer-none\">\n\t\t\t\t<ul id=\"menu-1-4158104\" class=\"elementor-nav-menu\"><li class=\"trp-language-switcher-container menu-item menu-item-type-post_type menu-item-object-language_switcher current-language-menu-item menu-item-1073\"><a href=\"https:\/\/oursbnb.ch\/de\/wp-json\/wp\/v2\/pages\/2\" class=\"elementor-item elementor-item-anchor menu-link\"><span data-no-translation><span class=\"trp-ls-language-name\">German<\/span><\/span><\/a><\/li>\n<li class=\"trp-language-switcher-container menu-item menu-item-type-post_type menu-item-object-language_switcher current-language-menu-item menu-item-1074\"><a href=\"https:\/\/oursbnb.ch\/de\/wp-json\/wp\/v2\/pages\/2\" class=\"elementor-item elementor-item-anchor menu-link\"><span data-no-translation><span class=\"trp-ls-language-name\">French<\/span><\/span><\/a><\/li>\n<\/ul>\t\t\t<\/nav>\n\t\t\t\t\t\t<nav class=\"elementor-nav-menu--dropdown elementor-nav-menu__container\" aria-hidden=\"true\">\n\t\t\t\t<ul id=\"menu-2-4158104\" class=\"elementor-nav-menu\"><li class=\"trp-language-switcher-container menu-item menu-item-type-post_type menu-item-object-language_switcher current-language-menu-item menu-item-1073\"><a href=\"https:\/\/oursbnb.ch\/de\/wp-json\/wp\/v2\/pages\/2\" class=\"elementor-item elementor-item-anchor menu-link\" tabindex=\"-1\"><span data-no-translation><span class=\"trp-ls-language-name\">German<\/span><\/span><\/a><\/li>\n<li class=\"trp-language-switcher-container menu-item menu-item-type-post_type menu-item-object-language_switcher current-language-menu-item menu-item-1074\"><a href=\"https:\/\/oursbnb.ch\/de\/wp-json\/wp\/v2\/pages\/2\" class=\"elementor-item elementor-item-anchor menu-link\" tabindex=\"-1\"><span data-no-translation><span class=\"trp-ls-language-name\">French<\/span><\/span><\/a><\/li>\n<\/ul>\t\t\t<\/nav>\n\t\t\t\t\t\t<\/div>\n\t\t\t\t<\/div>\n\t\t\t\t\t<\/div>\n\t\t<\/div>\n\t\t\t\t\t<\/div>\n\t\t<\/section>\n\t\t\t\t<section class=\"elementor-section elementor-top-section elementor-element elementor-element-9e91fb9 elementor-section-full_width elementor-section-height-full elementor-section-items-bottom elementor-hidden-tablet elementor-hidden-mobile elementor-section-height-default\" data-id=\"9e91fb9\" data-element_type=\"section\" data-e-type=\"section\" data-settings=\"{&quot;background_background&quot;:&quot;classic&quot;,&quot;animation&quot;:&quot;none&quot;}\">\n\t\t\t\t\t\t<div class=\"elementor-container elementor-column-gap-default\">\n\t\t\t\t\t<div class=\"elementor-column elementor-col-100 elementor-top-column elementor-element elementor-element-6000e20\" data-id=\"6000e20\" data-element_type=\"column\" data-e-type=\"column\">\n\t\t\t<div class=\"elementor-widget-wrap elementor-element-populated\">\n\t\t\t\t\t\t<div class=\"elementor-element elementor-element-c185d6b animated-slow elementor-view-default elementor-invisible elementor-widget elementor-widget-icon\" data-id=\"c185d6b\" data-element_type=\"widget\" data-e-type=\"widget\" data-settings=\"{&quot;_animation&quot;:&quot;bounceInDown&quot;}\" data-widget_type=\"icon.default\">\n\t\t\t\t<div class=\"elementor-widget-container\">\n\t\t\t\t\t\t\t<div class=\"elementor-icon-wrapper\">\n\t\t\t<a class=\"elementor-icon\" href=\"#oursbnb\">\n\t\t\t<i aria-hidden=\"true\" class=\"fas fa-arrow-circle-down\"><\/i>\t\t\t<\/a>\n\t\t<\/div>\n\t\t\t\t\t\t<\/div>\n\t\t\t\t<\/div>\n\t\t\t\t<div class=\"elementor-element elementor-element-7498d4b elementor-widget elementor-widget-menu-anchor\" data-id=\"7498d4b\" data-element_type=\"widget\" data-e-type=\"widget\" data-widget_type=\"menu-anchor.default\">\n\t\t\t\t<div class=\"elementor-widget-container\">\n\t\t\t\t\t\t\t<div class=\"elementor-menu-anchor\" id=\"oursbnb\"><\/div>\n\t\t\t\t\t\t<\/div>\n\t\t\t\t<\/div>\n\t\t\t\t\t<\/div>\n\t\t<\/div>\n\t\t\t\t\t<\/div>\n\t\t<\/section>\n\t\t\t\t<section class=\"elementor-section elementor-top-section elementor-element elementor-element-8a0a864 elementor-section-full_width elementor-section-height-full elementor-section-items-bottom elementor-section-height-default\" data-id=\"8a0a864\" data-element_type=\"section\" data-e-type=\"section\" data-settings=\"{&quot;background_background&quot;:&quot;classic&quot;}\">\n\t\t\t\t\t\t<div class=\"elementor-container elementor-column-gap-default\">\n\t\t\t\t\t<div class=\"elementor-column elementor-col-100 elementor-top-column elementor-element elementor-element-f7e6b02\" data-id=\"f7e6b02\" data-element_type=\"column\" data-e-type=\"column\">\n\t\t\t<div class=\"elementor-widget-wrap elementor-element-populated\">\n\t\t\t\t\t\t<div class=\"elementor-element elementor-element-4131c09 elementor-hidden-desktop elementor-hidden-tablet elementor-view-default elementor-widget elementor-widget-icon\" data-id=\"4131c09\" data-element_type=\"widget\" data-e-type=\"widget\" data-settings=\"{&quot;_animation_mobile&quot;:&quot;bounceInDown&quot;}\" data-widget_type=\"icon.default\">\n\t\t\t\t<div class=\"elementor-widget-container\">\n\t\t\t\t\t\t\t<div class=\"elementor-icon-wrapper\">\n\t\t\t<a class=\"elementor-icon\" href=\"#ours\">\n\t\t\t<i aria-hidden=\"true\" class=\"fas fa-arrow-circle-down\"><\/i>\t\t\t<\/a>\n\t\t<\/div>\n\t\t\t\t\t\t<\/div>\n\t\t\t\t<\/div>\n\t\t\t\t\t<\/div>\n\t\t<\/div>\n\t\t\t\t\t<\/div>\n\t\t<\/section>\n\t\t\t\t<section class=\"elementor-section elementor-top-section elementor-element elementor-element-9a3babb elementor-section-full_width elementor-hidden-desktop elementor-section-height-default elementor-section-height-default\" data-id=\"9a3babb\" data-element_type=\"section\" data-e-type=\"section\" data-settings=\"{&quot;background_background&quot;:&quot;classic&quot;}\">\n\t\t\t\t\t\t<div class=\"elementor-container elementor-column-gap-default\">\n\t\t\t\t\t<div class=\"elementor-column elementor-col-100 elementor-top-column elementor-element elementor-element-b6d338b\" data-id=\"b6d338b\" data-element_type=\"column\" data-e-type=\"column\">\n\t\t\t<div class=\"elementor-widget-wrap elementor-element-populated\">\n\t\t\t\t\t\t<div class=\"elementor-element elementor-element-717f42a elementor-widget elementor-widget-text-editor\" data-id=\"717f42a\" data-element_type=\"widget\" data-e-type=\"widget\" data-widget_type=\"text-editor.default\">\n\t\t\t\t<div class=\"elementor-widget-container\">\n\t\t\t\t\t\t\t\t\t<p>09.06.2022 \/ 23:00 \/ 47.36\u00b0N &#8211; 7.15\u00b0E\u00a0<\/p>\t\t\t\t\t\t\t\t<\/div>\n\t\t\t\t<\/div>\n\t\t\t\t\t<\/div>\n\t\t<\/div>\n\t\t\t\t\t<\/div>\n\t\t<\/section>\n\t\t\t\t<section class=\"elementor-section elementor-top-section elementor-element elementor-element-97f0bcd elementor-section-full_width elementor-hidden-tablet elementor-hidden-mobile elementor-section-height-default elementor-section-height-default\" data-id=\"97f0bcd\" data-element_type=\"section\" data-e-type=\"section\" data-settings=\"{&quot;background_background&quot;:&quot;classic&quot;}\">\n\t\t\t\t\t\t<div class=\"elementor-container elementor-column-gap-default\">\n\t\t\t\t\t<div class=\"elementor-column elementor-col-50 elementor-top-column elementor-element elementor-element-f86a5b4\" data-id=\"f86a5b4\" data-element_type=\"column\" data-e-type=\"column\">\n\t\t\t<div class=\"elementor-widget-wrap elementor-element-populated\">\n\t\t\t\t\t\t<div class=\"elementor-element elementor-element-0bd134c elementor-widget elementor-widget-text-editor\" data-id=\"0bd134c\" data-element_type=\"widget\" data-e-type=\"widget\" data-widget_type=\"text-editor.default\">\n\t\t\t\t<div class=\"elementor-widget-container\">\n\t\t\t\t\t\t\t\t\t<p>09.06.2022 \/ 23:00 \/ 47.36\u00b0N &#8211; 7.15\u00b0E\u00a0<\/p>\t\t\t\t\t\t\t\t<\/div>\n\t\t\t\t<\/div>\n\t\t\t\t\t<\/div>\n\t\t<\/div>\n\t\t\t\t<div class=\"elementor-column elementor-col-50 elementor-top-column elementor-element elementor-element-95c9d90\" data-id=\"95c9d90\" data-element_type=\"column\" data-e-type=\"column\">\n\t\t\t<div class=\"elementor-widget-wrap\">\n\t\t\t\t\t\t\t<\/div>\n\t\t<\/div>\n\t\t\t\t\t<\/div>\n\t\t<\/section>\n\t\t\t\t<section class=\"elementor-section elementor-top-section elementor-element elementor-element-62e6088 elementor-section-full_width elementor-section-height-full elementor-section-items-top elementor-section-height-default\" data-id=\"62e6088\" data-element_type=\"section\" data-e-type=\"section\" data-settings=\"{&quot;background_background&quot;:&quot;classic&quot;}\">\n\t\t\t\t\t\t<div class=\"elementor-container elementor-column-gap-default\">\n\t\t\t\t\t<div class=\"elementor-column elementor-col-100 elementor-top-column elementor-element elementor-element-c6dbafa\" data-id=\"c6dbafa\" data-element_type=\"column\" data-e-type=\"column\">\n\t\t\t<div class=\"elementor-widget-wrap elementor-element-populated\">\n\t\t\t\t\t\t<div class=\"elementor-element elementor-element-28d6370 elementor-widget elementor-widget-menu-anchor\" data-id=\"28d6370\" data-element_type=\"widget\" data-e-type=\"widget\" data-widget_type=\"menu-anchor.default\">\n\t\t\t\t<div class=\"elementor-widget-container\">\n\t\t\t\t\t\t\t<div class=\"elementor-menu-anchor\" id=\"ours\"><\/div>\n\t\t\t\t\t\t<\/div>\n\t\t\t\t<\/div>\n\t\t\t\t<div class=\"elementor-element elementor-element-6c02b79 elementor-widget elementor-widget-heading\" data-id=\"6c02b79\" data-element_type=\"widget\" data-e-type=\"widget\" data-widget_type=\"heading.default\">\n\t\t\t\t<div class=\"elementor-widget-container\">\n\t\t\t\t\t<h2 class=\"elementor-heading-title elementor-size-default\">l'ours<\/h2>\t\t\t\t<\/div>\n\t\t\t\t<\/div>\n\t\t\t\t<div class=\"elementor-element elementor-element-1073e58 elementor-nav-menu--dropdown-mobile elementor-nav-menu__text-align-aside elementor-nav-menu--toggle elementor-nav-menu--burger elementor-widget elementor-widget-nav-menu\" data-id=\"1073e58\" data-element_type=\"widget\" data-e-type=\"widget\" data-settings=\"{&quot;layout&quot;:&quot;horizontal&quot;,&quot;submenu_icon&quot;:{&quot;value&quot;:&quot;&lt;i class=\\&quot;fas fa-caret-down\\&quot; aria-hidden=\\&quot;true\\&quot;&gt;&lt;\\\/i&gt;&quot;,&quot;library&quot;:&quot;fa-solid&quot;},&quot;toggle&quot;:&quot;burger&quot;}\" data-widget_type=\"nav-menu.default\">\n\t\t\t\t<div class=\"elementor-widget-container\">\n\t\t\t\t\t\t\t\t<nav aria-label=\"Menu\" class=\"elementor-nav-menu--main elementor-nav-menu__container elementor-nav-menu--layout-horizontal e--pointer-text e--animation-rotate\">\n\t\t\t\t<ul id=\"menu-1-1073e58\" class=\"elementor-nav-menu\"><li class=\"menu-item menu-item-type-custom menu-item-object-custom menu-item-493\"><a href=\"https:\/\/oursbnb.ch\/de\/#ours\" class=\"elementor-item elementor-item-anchor menu-link\">l&rsquo;ours<\/a><\/li>\n<li class=\"menu-item menu-item-type-post_type menu-item-object-page menu-item-485\"><a href=\"https:\/\/oursbnb.ch\/de\/lhistoire\/\" class=\"elementor-item menu-link\">die Geschichte<\/a><\/li>\n<li class=\"menu-item menu-item-type-post_type menu-item-object-page menu-item-865\"><a href=\"https:\/\/oursbnb.ch\/de\/litineraire\/\" class=\"elementor-item menu-link\">Der Reiseplan<\/a><\/li>\n<li class=\"menu-item menu-item-type-post_type menu-item-object-page menu-item-961\"><a href=\"https:\/\/oursbnb.ch\/de\/lacces\/\" class=\"elementor-item menu-link\">den Zugang<\/a><\/li>\n<li class=\"menu-item menu-item-type-post_type menu-item-object-page menu-item-892\"><a href=\"https:\/\/oursbnb.ch\/de\/les-cabanes\/\" class=\"elementor-item menu-link\">die H\u00fctten<\/a><\/li>\n<li class=\"menu-item menu-item-type-post_type menu-item-object-page menu-item-883\"><a href=\"https:\/\/oursbnb.ch\/de\/le-contact\/\" class=\"elementor-item menu-link\">den Kontakt<\/a><\/li>\n<li class=\"menu-item menu-item-type-custom menu-item-object-custom menu-item-1240\"><a target=\"_blank\" href=\"https:\/\/booking.juratroislacs.ch\/TDS00020014060048987\/tbooking\/?globalReset=1&#038;lang=fr\" class=\"elementor-item menu-link\">die Reservation<\/a><\/li>\n<\/ul>\t\t\t<\/nav>\n\t\t\t\t\t<div class=\"elementor-menu-toggle\" role=\"button\" tabindex=\"0\" aria-label=\"Menu Toggle\" aria-expanded=\"false\">\n\t\t\t<i aria-hidden=\"true\" role=\"presentation\" class=\"elementor-menu-toggle__icon--open eicon-menu-bar\"><\/i><i aria-hidden=\"true\" role=\"presentation\" class=\"elementor-menu-toggle__icon--close eicon-close\"><\/i>\t\t<\/div>\n\t\t\t\t\t<nav class=\"elementor-nav-menu--dropdown elementor-nav-menu__container\" aria-hidden=\"true\">\n\t\t\t\t<ul id=\"menu-2-1073e58\" class=\"elementor-nav-menu\"><li class=\"menu-item menu-item-type-custom menu-item-object-custom menu-item-493\"><a href=\"https:\/\/oursbnb.ch\/de\/#ours\" class=\"elementor-item elementor-item-anchor menu-link\" tabindex=\"-1\">l&rsquo;ours<\/a><\/li>\n<li class=\"menu-item menu-item-type-post_type menu-item-object-page menu-item-485\"><a href=\"https:\/\/oursbnb.ch\/de\/lhistoire\/\" class=\"elementor-item menu-link\" tabindex=\"-1\">die Geschichte<\/a><\/li>\n<li class=\"menu-item menu-item-type-post_type menu-item-object-page menu-item-865\"><a href=\"https:\/\/oursbnb.ch\/de\/litineraire\/\" class=\"elementor-item menu-link\" tabindex=\"-1\">Der Reiseplan<\/a><\/li>\n<li class=\"menu-item menu-item-type-post_type menu-item-object-page menu-item-961\"><a href=\"https:\/\/oursbnb.ch\/de\/lacces\/\" class=\"elementor-item menu-link\" tabindex=\"-1\">den Zugang<\/a><\/li>\n<li class=\"menu-item menu-item-type-post_type menu-item-object-page menu-item-892\"><a href=\"https:\/\/oursbnb.ch\/de\/les-cabanes\/\" class=\"elementor-item menu-link\" tabindex=\"-1\">die H\u00fctten<\/a><\/li>\n<li class=\"menu-item menu-item-type-post_type menu-item-object-page menu-item-883\"><a href=\"https:\/\/oursbnb.ch\/de\/le-contact\/\" class=\"elementor-item menu-link\" tabindex=\"-1\">den Kontakt<\/a><\/li>\n<li class=\"menu-item menu-item-type-custom menu-item-object-custom menu-item-1240\"><a target=\"_blank\" href=\"https:\/\/booking.juratroislacs.ch\/TDS00020014060048987\/tbooking\/?globalReset=1&#038;lang=fr\" class=\"elementor-item menu-link\" tabindex=\"-1\">die Reservation<\/a><\/li>\n<\/ul>\t\t\t<\/nav>\n\t\t\t\t\t\t<\/div>\n\t\t\t\t<\/div>\n\t\t\t\t<div class=\"elementor-element elementor-element-216fa55 elementor-widget elementor-widget-text-editor\" data-id=\"216fa55\" data-element_type=\"widget\" data-e-type=\"widget\" data-widget_type=\"text-editor.default\">\n\t\t\t\t<div class=\"elementor-widget-container\">\n\t\t\t\t\t\t\t\t\t<p>\"L'ours\", das sind H\u00fctten, aber keine gew\u00f6hnlichen, denn sie erm\u00f6glichen es Ihnen, in die Sterne zu schauen und sich am n\u00e4chtlichen Schauspiel des jurassischen Himmels zu erfreuen. Sie befinden sich inmitten einer Weide, umgeben von Bergen und W\u00e4ldern, nicht weit vom Doubs entfernt, dort, wo Sie nachts nur das Zirpen der Grillen in den Schlaf wiegt und Sie beim Aufwachen von den Vogelges\u00e4ngen verzaubert werden.<\/p>\t\t\t\t\t\t\t\t<\/div>\n\t\t\t\t<\/div>\n\t\t\t\t<div class=\"elementor-element elementor-element-76dbff9 elementor-widget elementor-widget-text-editor\" data-id=\"76dbff9\" data-element_type=\"widget\" data-e-type=\"widget\" data-widget_type=\"text-editor.default\">\n\t\t\t\t<div class=\"elementor-widget-container\">\n\t\t\t\t\t\t\t\t\t<p>Die Familie Girardin bietet Ihnen die M\u00f6glichkeit, \"fast\" unter freiem Himmel in einer der 10 tollen H\u00fctten zu \u00fcbernachten, die jeweils \u00fcber ein Bett f\u00fcr zwei Personen (+ ein Baby\/Kleinkind) verf\u00fcgen. \"Fast\", weil Sie in diesen Designerh\u00fctten die Wahl haben, das Dach zu \u00f6ffnen oder auch nicht, und Sie so mitten in der \u00fcppigen Natur des Clos du Doubs schlafen!<\/p>\t\t\t\t\t\t\t\t<\/div>\n\t\t\t\t<\/div>\n\t\t\t\t<div class=\"elementor-element elementor-element-30f238f elementor-widget elementor-widget-text-editor\" data-id=\"30f238f\" data-element_type=\"widget\" data-e-type=\"widget\" data-widget_type=\"text-editor.default\">\n\t\t\t\t<div class=\"elementor-widget-container\">\n\t\t\t\t\t\t\t\t\t<p>Reserviere schnell deine H\u00fctte(n) per <a href=\"https:\/\/tbooking.toubiz.de\/TDS00020014060048987\/tbooking\/?globalReset=1&amp;lang=fr\">hier<\/a><\/p>\t\t\t\t\t\t\t\t<\/div>\n\t\t\t\t<\/div>\n\t\t\t\t<div class=\"elementor-element elementor-element-1ce1669 elementor-widget elementor-widget-text-editor\" data-id=\"1ce1669\" data-element_type=\"widget\" data-e-type=\"widget\" data-widget_type=\"text-editor.default\">\n\t\t\t\t<div class=\"elementor-widget-container\">\n\t\t\t\t\t\t\t\t\t<p class=\"p1\">Nach einer guten Nacht unter dem Gro\u00dfen B\u00e4ren kannst du, wenn du m\u00f6chtest, dein Fr\u00fchst\u00fcck (Anm. d. Red. 15.- pro Person nur aus lokalen und hofeigenen Produkten!), ebenfalls vor Ort, d.h. inmitten der Natur, serviert werden. F\u00fcr dein Mittag- und Abendessen kannst du bei uns ein Fondue (P.S. 15.- pro Person mit Brot), ein Raclette oder gutes Fleisch aus unserer Gegend bestellen, das wir dir auch gerne auf die Felder bringen! (P.S. Nicht in der Pauschale inbegriffen.) Oder du bringst dein eigenes Picknick mit (aber Achtung: kein K\u00fchlschrank vorhanden!). Daf\u00fcr kannst du dein Gem\u00fcse oder Fleisch auf unserem Kamin grillen, und wir stellen dir sogar das Holz zur Verf\u00fcgung! Beachte, dass die sanit\u00e4ren Anlagen, d.h. Waschbecken, Duschen und Toiletten, von euch, unseren sanften G\u00e4sten, auf dem Gel\u00e4nde geteilt werden, auf dem die H\u00fctten stehen.<\/p>\t\t\t\t\t\t\t\t<\/div>\n\t\t\t\t<\/div>\n\t\t\t\t<div class=\"elementor-element elementor-element-9cc80fe elementor-widget elementor-widget-text-editor\" data-id=\"9cc80fe\" data-element_type=\"widget\" data-e-type=\"widget\" data-widget_type=\"text-editor.default\">\n\t\t\t\t<div class=\"elementor-widget-container\">\n\t\t\t\t\t\t\t\t\t<p>Wenn du mehr \u00fcber unsere kulinarischen Angebote und deren Preise erfahren m\u00f6chtest oder weitere Fragen zu unserer Unterkunft in den Sternen hast, z\u00f6gere nicht: +41 <span class=\"s1\">77.437.35 51 oder oursbnb@bluewin.ch<\/span><\/p>\t\t\t\t\t\t\t\t<\/div>\n\t\t\t\t<\/div>\n\t\t\t\t\t<\/div>\n\t\t<\/div>\n\t\t\t\t\t<\/div>\n\t\t<\/section>\n\t\t\t\t<\/div>","protected":false},"excerpt":{"rendered":"<p>09.06.2022 \/ 23:00 \/ 47.36\u00b0N &#8211; 7.15\u00b0E\u00a0 09.06.2022 \/ 23:00 \/ 47.36\u00b0N &#8211; 7.15\u00b0E\u00a0 l&rsquo;ours L\u2019ours c\u2019est des cabanes, des cabanes pas comme les autres. Des cabanes exceptionnelles, puisqu\u2019elles te permettent de regarder les \u00e9toiles, de te d\u00e9lecter devant le spectacle nocturne du ciel jurassien. Des cabanes au c\u0153ur d\u2019un p\u00e2turage, de monts et for\u00eats, [&hellip;]<\/p>\n","protected":false},"author":1,"featured_media":0,"parent":0,"menu_order":0,"comment_status":"closed","ping_status":"closed","template":"elementor_canvas","meta":{"site-sidebar-layout":"no-sidebar","site-content-layout":"page-builder","ast-site-content-layout":"default","site-content-style":"default","site-sidebar-style":"default","ast-global-header-display":"","ast-banner-title-visibility":"","ast-main-header-display":"","ast-hfb-above-header-display":"","ast-hfb-below-header-display":"","ast-hfb-mobile-header-display":"","site-post-title":"disabled","ast-breadcrumbs-content":"","ast-featured-img":"disabled","footer-sml-layout":"","ast-disable-related-posts":"","theme-transparent-header-meta":"","adv-header-id-meta":"","stick-header-meta":"","header-above-stick-meta":"","header-main-stick-meta":"","header-below-stick-meta":"","astra-migrate-meta-layouts":"default","ast-page-background-enabled":"default","ast-page-background-meta":{"desktop":{"background-color":"var(--ast-global-color-4)","background-image":"","background-repeat":"repeat","background-position":"center center","background-size":"auto","background-attachment":"scroll","background-type":"","background-media":"","overlay-type":"","overlay-color":"","overlay-opacity":"","overlay-gradient":""},"tablet":{"background-color":"","background-image":"","background-repeat":"repeat","background-position":"center center","background-size":"auto","background-attachment":"scroll","background-type":"","background-media":"","overlay-type":"","overlay-color":"","overlay-opacity":"","overlay-gradient":""},"mobile":{"background-color":"","background-image":"","background-repeat":"repeat","background-position":"center center","background-size":"auto","background-attachment":"scroll","background-type":"","background-media":"","overlay-type":"","overlay-color":"","overlay-opacity":"","overlay-gradient":""}},"ast-content-background-meta":{"desktop":{"background-color":"var(--ast-global-color-5)","background-image":"","background-repeat":"repeat","background-position":"center center","background-size":"auto","background-attachment":"scroll","background-type":"","background-media":"","overlay-type":"","overlay-color":"","overlay-opacity":"","overlay-gradient":""},"tablet":{"background-color":"var(--ast-global-color-5)","background-image":"","background-repeat":"repeat","background-position":"center center","background-size":"auto","background-attachment":"scroll","background-type":"","background-media":"","overlay-type":"","overlay-color":"","overlay-opacity":"","overlay-gradient":""},"mobile":{"background-color":"var(--ast-global-color-5)","background-image":"","background-repeat":"repeat","background-position":"center center","background-size":"auto","background-attachment":"scroll","background-type":"","background-media":"","overlay-type":"","overlay-color":"","overlay-opacity":"","overlay-gradient":""}},"footnotes":""},"class_list":["post-2","page","type-page","status-publish","hentry"],"_links":{"self":[{"href":"https:\/\/oursbnb.ch\/de\/wp-json\/wp\/v2\/pages\/2","targetHints":{"allow":["GET"]}}],"collection":[{"href":"https:\/\/oursbnb.ch\/de\/wp-json\/wp\/v2\/pages"}],"about":[{"href":"https:\/\/oursbnb.ch\/de\/wp-json\/wp\/v2\/types\/page"}],"author":[{"embeddable":true,"href":"https:\/\/oursbnb.ch\/de\/wp-json\/wp\/v2\/users\/1"}],"replies":[{"embeddable":true,"href":"https:\/\/oursbnb.ch\/de\/wp-json\/wp\/v2\/comments?post=2"}],"version-history":[{"count":27,"href":"https:\/\/oursbnb.ch\/de\/wp-json\/wp\/v2\/pages\/2\/revisions"}],"predecessor-version":[{"id":1315,"href":"https:\/\/oursbnb.ch\/de\/wp-json\/wp\/v2\/pages\/2\/revisions\/1315"}],"wp:attachment":[{"href":"https:\/\/oursbnb.ch\/de\/wp-json\/wp\/v2\/media?parent=2"}],"curies":[{"name":"wp","href":"https:\/\/api.w.org\/{rel}","templated":true}]}}